{"id":383,"date":"2025-11-18T12:14:55","date_gmt":"2025-11-18T12:14:55","guid":{"rendered":"https:\/\/packit.be\/?page_id=383"},"modified":"2026-04-27T13:22:28","modified_gmt":"2026-04-27T13:22:28","slug":"stockage","status":"publish","type":"page","link":"https:\/\/packit.be\/fr\/stockage\/","title":{"rendered":"Stockage"},"content":{"rendered":"<div data-elementor-type=\"wp-page\" data-elementor-id=\"383\" class=\"elementor elementor-383\" data-elementor-post-type=\"page\">\n\t\t\t\t<div class=\"elementor-element elementor-element-89ee9d9 e-flex e-con-boxed e-con e-parent\" data-id=\"89ee9d9\" data-element_type=\"container\" data-e-type=\"container\">\n\t\t\t\t\t<div class=\"e-con-inner\">\n\t\t<div class=\"elementor-element elementor-element-aa9bc5a e-con-full e-flex e-con e-child\" data-id=\"aa9bc5a\" data-element_type=\"container\" data-e-type=\"container\">\n\t\t<div class=\"elementor-element elementor-element-795488b e-con-full e-flex e-con e-child\" data-id=\"795488b\" data-element_type=\"container\" data-e-type=\"container\">\n\t\t\t\t<div class=\"elementor-element elementor-element-21f15be ui-e-align-left elementor-widget__width-inherit ui-e-align-tablet-left ui-e-align-mobile-left ui-e-top elementor-widget elementor-widget-uicore-icon-box\" data-id=\"21f15be\" data-element_type=\"widget\" data-e-type=\"widget\" data-settings=\"{&quot;position&quot;:&quot;top&quot;,&quot;content_padding&quot;:{&quot;unit&quot;:&quot;px&quot;,&quot;top&quot;:&quot;&quot;,&quot;right&quot;:&quot;&quot;,&quot;bottom&quot;:&quot;&quot;,&quot;left&quot;:&quot;&quot;,&quot;isLinked&quot;:true},&quot;content_padding_tablet&quot;:{&quot;unit&quot;:&quot;px&quot;,&quot;top&quot;:&quot;&quot;,&quot;right&quot;:&quot;&quot;,&quot;bottom&quot;:&quot;&quot;,&quot;left&quot;:&quot;&quot;,&quot;isLinked&quot;:true},&quot;content_padding_mobile&quot;:{&quot;unit&quot;:&quot;px&quot;,&quot;top&quot;:&quot;&quot;,&quot;right&quot;:&quot;&quot;,&quot;bottom&quot;:&quot;&quot;,&quot;left&quot;:&quot;&quot;,&quot;isLinked&quot;:true}}\" data-widget_type=\"uicore-icon-box.default\">\n\t\t\t\t\t\n        <div class=\"ui-e-ico-box\" >\n\n            \n            <div class='ui-e-flex-wrp'>\n\n                                    <div class=\"ui-e-icon-wrp\">\n\n                        <i aria-hidden=\"true\" class=\"ti ti-lock\"><\/i>\n                    <\/div>\n                \n                <div class=\"ui-e-title-wrp\"><h3 class=\"ui-e-title\">Stockage<\/h3><div class='ui-e-subtitle'> Besoin de stockage ? Faites appel \u00e0 nos entrep\u00f4ts s\u00e9curis\u00e9s ! Si n\u00e9cessaire, nous r\u00e9gulons la temp\u00e9rature et l'humidit\u00e9 pour que vos produits soient stock\u00e9s dans des conditions optimales. <\/div><\/div>\n            <\/div>\n\n            <div class=\"ui-e-box-content\">\n                \n                <div class=\"ui-e-description\">\n                    <p class=\"font_8 wixui-rich-text__text\"><span class=\"wixui-rich-text__text\">L'humidit\u00e9 et les fluctuations de temp\u00e9rature peuvent avoir un impact consid\u00e9rable sur vos produits stock\u00e9s. Ces deux facteurs n'ont aucune chance dans nos entrep\u00f4ts. Nos entrep\u00f4ts sont \u00e9galement \u00e9quip\u00e9s et r\u00e9glement\u00e9s pour le stockage de marchandises dangereuses.\u00a0<\/span><span class=\"wixui-rich-text__text\">A cet effet, une zone sp\u00e9cifique est pr\u00e9vue qui r\u00e9pond \u00e0 toutes les normes l\u00e9gales et obligations de s\u00e9curit\u00e9.<\/span><\/p><p class=\"font_8 wixui-rich-text__text\"><span class=\"wixui-rich-text__text\">\u00a0<\/span><\/p><p class=\"font_8 wixui-rich-text__text\"><span class=\"wixui-rich-text__text\">Pour le stockage \u00e0 court et \u00e0 long terme, Pack-It est l'endroit id\u00e9al. Nous offrons des solutions flexibles et r\u00e9pondons \u00e0 votre demande.\u00a0<\/span><span class=\"wixui-rich-text__text\">Les biens fragiles et les \u0153uvres d'art peuvent \u00e9galement \u00eatre stock\u00e9s chez nous dans une zone s\u00e9par\u00e9e. Nous avons une solution de stockage personnalis\u00e9e pour tous les produits possibles. \u00a0<\/span><span class=\"wixui-rich-text__text\">Des cam\u00e9ras et des syst\u00e8mes de s\u00e9curit\u00e9 garantissent que vos biens sont entre de bonnes mains. De plus, il y a \u00e9galement une zone de r\u00e9ception o\u00f9 vous ne passerez pas sans badge.<\/span><\/p><p class=\"font_8 wixui-rich-text__text\">\u00a0<\/p><p class=\"font_8 wixui-rich-text__text\"><span class=\"wixui-rich-text__text\">Nous mettons tout en \u0153uvre pour assurer la s\u00e9curit\u00e9 de vos biens entrepos\u00e9s.<\/span><\/p>                <\/div>\n\n                \n            <\/div>\n        <\/div>\n\t\t\t\t<\/div>\n\t\t\t\t<div class=\"elementor-element elementor-element-3f27184 elementor-widget elementor-widget-button\" data-id=\"3f27184\" data-element_type=\"widget\" data-e-type=\"widget\" data-widget_type=\"button.default\">\n\t\t\t\t\t\t\t\t\t\t<a class=\"elementor-button elementor-button-link elementor-size-sm\" href=\"https:\/\/packit.be\/fr\/contact\/\">\n\t\t\t\t\t\t<span class=\"elementor-button-content-wrapper\">\n\t\t\t\t\t\t<span class=\"elementor-button-icon\">\n\t\t\t\t<i aria-hidden=\"true\" class=\"ti ti-angle-right\"><\/i>\t\t\t<\/span>\n\t\t\t\t\t\t\t\t\t<span class=\"elementor-button-text\">Contactez nous<\/span>\n\t\t\t\t\t<\/span>\n\t\t\t\t\t<\/a>\n\t\t\t\t\t\t\t\t<\/div>\n\t\t\t\t<\/div>\n\t\t<div class=\"elementor-element elementor-element-63afb2c e-con-full e-flex e-con e-child\" data-id=\"63afb2c\" data-element_type=\"container\" data-e-type=\"container\">\n\t\t\t\t<div class=\"elementor-element elementor-element-8ae61da elementor-invisible elementor-widget elementor-widget-image\" data-id=\"8ae61da\" data-element_type=\"widget\" data-e-type=\"widget\" data-settings=\"{&quot;_animation_delay&quot;:&quot;0&quot;,&quot;_animation&quot;:&quot;fadeInUp&quot;}\" data-widget_type=\"image.default\">\n\t\t\t\t\t\t\t\t\t\t\t\t\t\t\t<img fetchpriority=\"high\" decoding=\"async\" width=\"648\" height=\"432\" src=\"https:\/\/packit.be\/wp-content\/uploads\/2025\/10\/Large-modern-warehouse-with-forklifts_converted.jpg\" class=\"attachment-full size-full wp-image-173\" alt=\"\" srcset=\"https:\/\/packit.be\/wp-content\/uploads\/2025\/10\/Large-modern-warehouse-with-forklifts_converted.jpg 648w, https:\/\/packit.be\/wp-content\/uploads\/2025\/10\/Large-modern-warehouse-with-forklifts_converted-300x200.jpg 300w\" sizes=\"(max-width: 648px) 100vw, 648px\" \/>\t\t\t\t\t\t\t\t\t\t\t\t\t\t\t<\/div>\n\t\t\t\t<div class=\"elementor-element elementor-element-3dee62c elementor-invisible elementor-widget elementor-widget-image\" data-id=\"3dee62c\" data-element_type=\"widget\" data-e-type=\"widget\" data-settings=\"{&quot;_animation_delay&quot;:&quot;0&quot;,&quot;_animation&quot;:&quot;fadeInUp&quot;}\" data-widget_type=\"image.default\">\n\t\t\t\t\t\t\t\t\t\t\t\t\t\t\t<img decoding=\"async\" width=\"674\" height=\"600\" src=\"https:\/\/packit.be\/wp-content\/uploads\/2025\/10\/57c8c8_19a49b0b038744e98533a7da83aa7974mv2_converted.jpg\" class=\"attachment-full size-full wp-image-140\" alt=\"\" srcset=\"https:\/\/packit.be\/wp-content\/uploads\/2025\/10\/57c8c8_19a49b0b038744e98533a7da83aa7974mv2_converted.jpg 674w, https:\/\/packit.be\/wp-content\/uploads\/2025\/10\/57c8c8_19a49b0b038744e98533a7da83aa7974mv2_converted-300x267.jpg 300w, https:\/\/packit.be\/wp-content\/uploads\/2025\/10\/57c8c8_19a49b0b038744e98533a7da83aa7974mv2_converted-650x579.jpg 650w\" sizes=\"(max-width: 674px) 100vw, 674px\" \/>\t\t\t\t\t\t\t\t\t\t\t\t\t\t\t<\/div>\n\t\t\t\t<\/div>\n\t\t\t\t<\/div>\n\t\t\t\t\t<\/div>\n\t\t\t\t<\/div>\n\t\t<div class=\"elementor-element elementor-element-975f5ec e-flex e-con-boxed e-con e-parent\" data-id=\"975f5ec\" data-element_type=\"container\" data-e-type=\"container\" data-settings=\"{&quot;background_background&quot;:&quot;classic&quot;}\">\n\t\t\t\t\t<div class=\"e-con-inner\">\n\t\t<div class=\"elementor-element elementor-element-5d30596 e-con-full e-flex e-con e-child\" data-id=\"5d30596\" data-element_type=\"container\" data-e-type=\"container\">\n\t\t<div class=\"elementor-element elementor-element-4e29874 e-con-full e-flex e-con e-child\" data-id=\"4e29874\" data-element_type=\"container\" data-e-type=\"container\" data-settings=\"{&quot;background_background&quot;:&quot;classic&quot;}\">\n\t\t\t\t<div class=\"elementor-element elementor-element-cd7da47 gallery-spacing-custom elementor-widget elementor-widget-image-gallery\" data-id=\"cd7da47\" data-element_type=\"widget\" data-e-type=\"widget\" data-widget_type=\"image-gallery.default\">\n\t\t\t\t\t\t\t<div class=\"elementor-image-gallery\">\n\t\t\t<div id='gallery-1' class='gallery galleryid-383 gallery-columns-4 gallery-size-full'><figure class='gallery-item'>\n\t\t\t<div class='gallery-icon landscape'>\n\t\t\t\t<a data-elementor-open-lightbox=\"yes\" data-elementor-lightbox-slideshow=\"cd7da47\" data-elementor-lightbox-title=\"Image by CPG_IO eCommerce Execution_converted\" data-e-action-hash=\"#elementor-action%3Aaction%3Dlightbox%26settings%3DeyJpZCI6MTY3LCJ1cmwiOiJodHRwczpcL1wvcGFja2l0LmJlXC93cC1jb250ZW50XC91cGxvYWRzXC8yMDI1XC8xMFwvSW1hZ2UtYnktQ1BHX0lPLWVDb21tZXJjZS1FeGVjdXRpb25fY29udmVydGVkLmpwZyIsInNsaWRlc2hvdyI6ImNkN2RhNDcifQ%3D%3D\" href='https:\/\/packit.be\/wp-content\/uploads\/2025\/10\/Image-by-CPG_IO-eCommerce-Execution_converted.jpg'><img decoding=\"async\" width=\"648\" height=\"401\" src=\"https:\/\/packit.be\/wp-content\/uploads\/2025\/10\/Image-by-CPG_IO-eCommerce-Execution_converted.jpg\" class=\"attachment-full size-full\" alt=\"\" srcset=\"https:\/\/packit.be\/wp-content\/uploads\/2025\/10\/Image-by-CPG_IO-eCommerce-Execution_converted.jpg 648w, https:\/\/packit.be\/wp-content\/uploads\/2025\/10\/Image-by-CPG_IO-eCommerce-Execution_converted-300x186.jpg 300w\" sizes=\"(max-width: 648px) 100vw, 648px\" \/><\/a>\n\t\t\t<\/div><\/figure><figure class='gallery-item'>\n\t\t\t<div class='gallery-icon landscape'>\n\t\t\t\t<a data-elementor-open-lightbox=\"yes\" data-elementor-lightbox-slideshow=\"cd7da47\" data-elementor-lightbox-title=\"logistic, storage, shipment, industry and manufacturing concept - cargo boxes storing at w_converted\" data-e-action-hash=\"#elementor-action%3Aaction%3Dlightbox%26settings%3DeyJpZCI6MTc2LCJ1cmwiOiJodHRwczpcL1wvcGFja2l0LmJlXC93cC1jb250ZW50XC91cGxvYWRzXC8yMDI1XC8xMFwvbG9naXN0aWMtc3RvcmFnZS1zaGlwbWVudC1pbmR1c3RyeS1hbmQtbWFudWZhY3R1cmluZy1jb25jZXB0LWNhcmdvLWJveGVzLXN0b3JpbmctYXQtd19jb252ZXJ0ZWQuanBnIiwic2xpZGVzaG93IjoiY2Q3ZGE0NyJ9\" href='https:\/\/packit.be\/wp-content\/uploads\/2025\/10\/logistic-storage-shipment-industry-and-manufacturing-concept-cargo-boxes-storing-at-w_converted.jpg'><img loading=\"lazy\" decoding=\"async\" width=\"910\" height=\"592\" src=\"https:\/\/packit.be\/wp-content\/uploads\/2025\/10\/logistic-storage-shipment-industry-and-manufacturing-concept-cargo-boxes-storing-at-w_converted.jpg\" class=\"attachment-full size-full\" alt=\"\" srcset=\"https:\/\/packit.be\/wp-content\/uploads\/2025\/10\/logistic-storage-shipment-industry-and-manufacturing-concept-cargo-boxes-storing-at-w_converted.jpg 910w, https:\/\/packit.be\/wp-content\/uploads\/2025\/10\/logistic-storage-shipment-industry-and-manufacturing-concept-cargo-boxes-storing-at-w_converted-300x195.jpg 300w, https:\/\/packit.be\/wp-content\/uploads\/2025\/10\/logistic-storage-shipment-industry-and-manufacturing-concept-cargo-boxes-storing-at-w_converted-768x500.jpg 768w, https:\/\/packit.be\/wp-content\/uploads\/2025\/10\/logistic-storage-shipment-industry-and-manufacturing-concept-cargo-boxes-storing-at-w_converted-650x423.jpg 650w\" sizes=\"(max-width: 910px) 100vw, 910px\" \/><\/a>\n\t\t\t<\/div><\/figure><figure class='gallery-item'>\n\t\t\t<div class='gallery-icon landscape'>\n\t\t\t\t<a data-elementor-open-lightbox=\"yes\" data-elementor-lightbox-slideshow=\"cd7da47\" data-elementor-lightbox-title=\"storage 3_edited_converted\" data-e-action-hash=\"#elementor-action%3Aaction%3Dlightbox%26settings%3DeyJpZCI6MTg3LCJ1cmwiOiJodHRwczpcL1wvcGFja2l0LmJlXC93cC1jb250ZW50XC91cGxvYWRzXC8yMDI1XC8xMFwvc3RvcmFnZS0zX2VkaXRlZF9jb252ZXJ0ZWQuanBnIiwic2xpZGVzaG93IjoiY2Q3ZGE0NyJ9\" href='https:\/\/packit.be\/wp-content\/uploads\/2025\/10\/storage-3_edited_converted.jpg'><img loading=\"lazy\" decoding=\"async\" width=\"528\" height=\"521\" src=\"https:\/\/packit.be\/wp-content\/uploads\/2025\/10\/storage-3_edited_converted.jpg\" class=\"attachment-full size-full\" alt=\"\" srcset=\"https:\/\/packit.be\/wp-content\/uploads\/2025\/10\/storage-3_edited_converted.jpg 528w, https:\/\/packit.be\/wp-content\/uploads\/2025\/10\/storage-3_edited_converted-300x296.jpg 300w\" sizes=\"(max-width: 528px) 100vw, 528px\" \/><\/a>\n\t\t\t<\/div><\/figure><figure class='gallery-item'>\n\t\t\t<div class='gallery-icon landscape'>\n\t\t\t\t<a data-elementor-open-lightbox=\"yes\" data-elementor-lightbox-slideshow=\"cd7da47\" data-elementor-lightbox-title=\"storage 2_edited_converted\" data-e-action-hash=\"#elementor-action%3Aaction%3Dlightbox%26settings%3DeyJpZCI6MTg2LCJ1cmwiOiJodHRwczpcL1wvcGFja2l0LmJlXC93cC1jb250ZW50XC91cGxvYWRzXC8yMDI1XC8xMFwvc3RvcmFnZS0yX2VkaXRlZF9jb252ZXJ0ZWQuanBnIiwic2xpZGVzaG93IjoiY2Q3ZGE0NyJ9\" href='https:\/\/packit.be\/wp-content\/uploads\/2025\/10\/storage-2_edited_converted.jpg'><img loading=\"lazy\" decoding=\"async\" width=\"572\" height=\"568\" src=\"https:\/\/packit.be\/wp-content\/uploads\/2025\/10\/storage-2_edited_converted.jpg\" class=\"attachment-full size-full\" alt=\"\" srcset=\"https:\/\/packit.be\/wp-content\/uploads\/2025\/10\/storage-2_edited_converted.jpg 572w, https:\/\/packit.be\/wp-content\/uploads\/2025\/10\/storage-2_edited_converted-300x298.jpg 300w, https:\/\/packit.be\/wp-content\/uploads\/2025\/10\/storage-2_edited_converted-150x150.jpg 150w\" sizes=\"(max-width: 572px) 100vw, 572px\" \/><\/a>\n\t\t\t<\/div><\/figure>\n\t\t<\/div>\n\t\t<\/div>\n\t\t\t\t\t\t<\/div>\n\t\t\t\t<\/div>\n\t\t\t\t<\/div>\n\t\t\t\t\t<\/div>\n\t\t\t\t<\/div>\n\t\t\t\t<\/div>","protected":false},"excerpt":{"rendered":"<p>Opslag Nood aan opslag? Doe beroep op onze beveiligde warehouses! Indien nodig regelen we de temperatuur en luchtvochtigheid zodat jouw producten in [&hellip;]<\/p>\n","protected":false},"author":1,"featured_media":173,"parent":0,"menu_order":0,"comment_status":"closed","ping_status":"closed","template":"","meta":{"footnotes":""},"class_list":["post-383","page","type-page","status-publish","has-post-thumbnail","hentry"],"_links":{"self":[{"href":"https:\/\/packit.be\/fr\/wp-json\/wp\/v2\/pages\/383","targetHints":{"allow":["GET"]}}],"collection":[{"href":"https:\/\/packit.be\/fr\/wp-json\/wp\/v2\/pages"}],"about":[{"href":"https:\/\/packit.be\/fr\/wp-json\/wp\/v2\/types\/page"}],"author":[{"embeddable":true,"href":"https:\/\/packit.be\/fr\/wp-json\/wp\/v2\/users\/1"}],"replies":[{"embeddable":true,"href":"https:\/\/packit.be\/fr\/wp-json\/wp\/v2\/comments?post=383"}],"version-history":[{"count":13,"href":"https:\/\/packit.be\/fr\/wp-json\/wp\/v2\/pages\/383\/revisions"}],"predecessor-version":[{"id":423,"href":"https:\/\/packit.be\/fr\/wp-json\/wp\/v2\/pages\/383\/revisions\/423"}],"wp:featuredmedia":[{"embeddable":true,"href":"https:\/\/packit.be\/fr\/wp-json\/wp\/v2\/media\/173"}],"wp:attachment":[{"href":"https:\/\/packit.be\/fr\/wp-json\/wp\/v2\/media?parent=383"}],"curies":[{"name":"wp","href":"https:\/\/api.w.org\/{rel}","templated":true}]}}